{"id":987517188,"date":"2025-04-14T15:57:15","date_gmt":"2025-04-14T15:57:15","guid":{"rendered":"https:\/\/impacte.com\/politica-de-cookies\/"},"modified":"2025-04-14T15:59:54","modified_gmt":"2025-04-14T15:59:54","slug":"politica-de-cookies","status":"publish","type":"page","link":"https:\/\/impacte.com\/es\/politica-de-cookies\/","title":{"rendered":"Pol\u00edtica de cookies"},"content":{"rendered":"\n<p>\u00bfQu\u00e9 son las cookies? Una cookie es un archivo que se descarga en su ordenador al acceder a determinadas p\u00e1ginas web. Las cookies permiten a una p\u00e1gina web, entre otras cosas, almacenar y recuperar informaci\u00f3n sobre los h\u00e1bitos de navegaci\u00f3n de un usuario o de su equipo y, dependiendo de la informaci\u00f3n que contengan y de la forma en que utilice su equipo, pueden utilizarse para reconocer al usuario. \u00bfPara qu\u00e9 utilizan las cookies esta p\u00e1gina web y cu\u00e1les son? Esta p\u00e1gina web utiliza las cookies para una serie de finalidades, incluidas:    <\/p>\n\n<ul class=\"wp-block-list\">\n<li>An\u00e1lisis: son aquellas cookies que bien, tratadas por nosotros o por terceros, nos permiten cuantificar el n\u00famero de usuarios y as\u00ed realizar la medici\u00f3n y an\u00e1lisis estad\u00edstico de la utilizaci\u00f3n que realizan los usuarios del servicio. Por eso se analiza su navegaci\u00f3n en nuestra p\u00e1gina web para mejorar la experiencia del usuario. <\/li>\n\n\n\n<li>T\u00e9cnicas: Son aquellas necesarias para la navegaci\u00f3n y buen funcionamiento de nuestra p\u00e1gina web. Permiten por ejemplo, controlar el tr\u00e1fico y la comunicaci\u00f3n de datos, acceder a partes de acceso restringido, utilizar elementos de seguridad, almacenar contenidos para poder difundir v\u00eddeos o compartir contenidos a trav\u00e9s de redes sociales. <\/li>\n<\/ul>\n\n<p>El detalle de las cookies utilizadas en esta p\u00e1gina web es el siguiente:<\/p>\n\n<figure class=\"wp-block-table\"><table class=\"has-fixed-layout\"><tbody><tr><td>Cookies<\/td><td>Nombre<\/td><td>Tipo<\/td><td>Prop\u00f3sito<\/td><td>M\u00e1s informaci\u00f3n<\/td><\/tr><tr><td>__cfduid __tawkuuid _gato _ga _gid ss tawkUUID<\/td><td>Chat web<\/td><td>De terceros<\/td><td>Chat web tawk.to<\/td><td><\/td><\/tr><tr><td>_ga APISID CONSIENTE HSID LOGIN_INFO PREF SAPISID SID SSID VISITOR_INFO1_LIVE YSC<\/td><td>Youtube<\/td><td>De terceros<\/td><td>Se utilizan para integrar, visualizar, compartir y reproducir los v\u00eddeos.<\/td><td>Centro de privacidad de Google: https:\/\/policies.google.com\/technologies\/cookies?hl=es<\/td><\/tr><tr><td>displayCookieConsent<\/td><td>Aceptaci\u00f3n pol\u00edtica cookies<\/td><td>Propia<\/td><td>Esta cookie detecta si el usuario ha aceptado la pol\u00edtica de cookies de la web y por tanto no es necesario volver a mostrar el mensaje relacionado con la misma.<\/td><td><\/td><\/tr><tr><td>TawkConnectionTime<\/td><td>Chat web<\/td><td>Propia<\/td><td>Chat web tawk.to<\/td><td><\/td><\/tr><\/tbody><\/table><\/figure>\n\n<p>Nota: Las cookies de tipo &#8216;propias&#8217; son utilizadas s\u00f3lo por el propietario de esta web y las cookies &#8216;De terceros&#8217; son utilizadas, por el prestador del servicio que est\u00e1 detallado en el cuadro anterior. Eliminar o bloquear las cookies Usted puede permitir, bloquear o eliminar las cookies instaladas en su equipo mediante la configuraci\u00f3n de las opciones del navegador instalado en su ordenador. Puede ver m\u00e1s informaci\u00f3n sobre su navegador y las cookies en los siguientes enlaces:  <\/p>\n\n<ul class=\"wp-block-list\">\n<li>Firefox: <a href=\"http:\/\/support.mozilla.org\/es\/kb\/habilitar-y-deshabilitar-cookies-que-los-sitios-we\" target=\"_blank\" rel=\"noopener\">http:\/\/support.mozilla.org\/es\/kb\/habilitar-y-deshabilitar-cookies-que-los-sitios-we<\/a><\/li>\n\n\n\n<li>Chrome: <a href=\"http:\/\/support.google.com\/chrome\/bin\/answer.py?hl=es&amp;answer=95647\" target=\"_blank\" rel=\"noopener\">http:\/\/support.google.com\/chrome\/bin\/answer.py?hl=es&amp;answer=95647<\/a><\/li>\n\n\n\n<li>Internet Explorer: <a href=\"http:\/\/windows.microsoft.com\/es-es\/windows7\/how-to-manage-cookies-in-internet-explorer-9\" target=\"_blank\" rel=\"noopener\">http:\/\/windows.microsoft.com\/es-es\/windows7\/how-to-manage-cookies-in-internet-explorer-9<\/a><\/li>\n\n\n\n<li>Safari: <a href=\"http:\/\/support.apple.com\/kb\/ph5042\" target=\"_blank\" rel=\"noopener\">http:\/\/support.apple.com\/kb\/ph5042<\/a><\/li>\n\n\n\n<li>Opera: <a href=\"http:\/\/help.opera.com\/Windows\/11.50\/es-ES\/cookies.html\" target=\"_blank\" rel=\"noopener\">http:\/\/help.opera.com\/Windows\/11.50\/es-ES\/cookies.html<\/a><\/li>\n<\/ul>\n\n<p>Complemento de inhabilitaci\u00f3n para navegadores de Google Analytics Si desea rechazar las cookies anal\u00edticas de Google Analytics en todos los navegadores, de modo que no se env\u00ede su informaci\u00f3n a Google Analitys, puede descargar un complemento que realiza esta funci\u00f3n desde este enlace: https:\/\/tools.google.com\/dlpage\/gaoptout.<\/p>\n\n<ul class=\"wp-block-list\">\n<li>Mantenimiento inform\u00e1tico para empresas<\/li>\n<\/ul>\n\n<ul class=\"wp-block-list\">\n<li>Blog<\/li>\n\n\n\n<li>Contacto<\/li>\n\n\n\n<li>Sobre nosotros<\/li>\n\n\n\n<li>Servicios<\/li>\n\n\n\n<li>Soluciones<\/li>\n\n\n\n<li>Kit Digital<\/li>\n<\/ul>\n\n<p>Calle Oriol, 33.<br\/>08720 Vilafranca del Pened\u00e8s<br\/>Barcelona<\/p>\n\n<p>info@impacte.com<\/p>\n\n<p>938906998<\/p>\n\n<p>\u00a92025 IMPACTE<\/p>\n","protected":false},"excerpt":{"rendered":"<p>\u00bfQu\u00e9 son las cookies? Una cookie es un archivo que se descarga en su ordenador al acceder a determinadas p\u00e1ginas web. Las cookies permiten a una p\u00e1gina web, entre otras cosas, almacenar y recuperar informaci\u00f3n sobre los h\u00e1bitos de navegaci\u00f3n de un usuario o de su equipo y, dependiendo de la informaci\u00f3n que contengan y [&hellip;]<\/p>\n","protected":false},"author":1,"featured_media":0,"parent":0,"menu_order":0,"comment_status":"closed","ping_status":"closed","template":"","meta":{"_et_pb_use_builder":"off","_et_pb_old_content":"","_et_gb_content_width":"","footnotes":""},"class_list":["post-987517188","page","type-page","status-publish","hentry"],"_links":{"self":[{"href":"https:\/\/impacte.com\/es\/wp-json\/wp\/v2\/pages\/987517188","targetHints":{"allow":["GET"]}}],"collection":[{"href":"https:\/\/impacte.com\/es\/wp-json\/wp\/v2\/pages"}],"about":[{"href":"https:\/\/impacte.com\/es\/wp-json\/wp\/v2\/types\/page"}],"author":[{"embeddable":true,"href":"https:\/\/impacte.com\/es\/wp-json\/wp\/v2\/users\/1"}],"replies":[{"embeddable":true,"href":"https:\/\/impacte.com\/es\/wp-json\/wp\/v2\/comments?post=987517188"}],"version-history":[{"count":1,"href":"https:\/\/impacte.com\/es\/wp-json\/wp\/v2\/pages\/987517188\/revisions"}],"predecessor-version":[{"id":987517189,"href":"https:\/\/impacte.com\/es\/wp-json\/wp\/v2\/pages\/987517188\/revisions\/987517189"}],"wp:attachment":[{"href":"https:\/\/impacte.com\/es\/wp-json\/wp\/v2\/media?parent=987517188"}],"curies":[{"name":"wp","href":"https:\/\/api.w.org\/{rel}","templated":true}]}}